{"id":940,"date":"2024-10-21T14:52:52","date_gmt":"2024-10-21T14:52:52","guid":{"rendered":"https:\/\/juanbautistapalacios.lasalleweb.ec\/?page_id=940"},"modified":"2025-10-09T21:10:13","modified_gmt":"2025-10-09T21:10:13","slug":"instalacion","status":"publish","type":"page","link":"https:\/\/juanbautistapalacios.lasalleweb.ec\/?page_id=940","title":{"rendered":"Instalacion"},"content":{"rendered":"<p>[et_pb_section fb_built=\u00bb1&#8243; _builder_version=\u00bb4.27.2&#8243; _module_preset=\u00bbdefault\u00bb custom_padding=\u00bb||11px|||\u00bb global_colors_info=\u00bb{}\u00bb][et_pb_row _builder_version=\u00bb4.27.2&#8243; _module_preset=\u00bbdefault\u00bb global_colors_info=\u00bb{}\u00bb][et_pb_column type=\u00bb4_4&#8243; _builder_version=\u00bb4.27.2&#8243; _module_preset=\u00bbdefault\u00bb global_colors_info=\u00bb{}\u00bb][et_pb_image src=\u00bbhttps:\/\/juanbautistapalacios.lasalleweb.ec\/wp-content\/uploads\/2025\/10\/FACEBOOK_ADN_Todo-esta-conectado-2025-2026_COLEGIOS.jpg\u00bb title_text=\u00bbFACEBOOK_ADN_Todo-est\u00e1-conectado-2025-2026_COLEGIOS\u00bb _builder_version=\u00bb4.27.2&#8243; _module_preset=\u00bbdefault\u00bb global_colors_info=\u00bb{}\u00bb][\/et_pb_image][\/et_pb_column][\/et_pb_row][\/et_pb_section][et_pb_section fb_built=\u00bb1&#8243; _builder_version=\u00bb4.27.2&#8243; _module_preset=\u00bbdefault\u00bb global_colors_info=\u00bb{}\u00bb][et_pb_row _builder_version=\u00bb4.27.2&#8243; _module_preset=\u00bbdefault\u00bb custom_margin=\u00bb-40px|auto||auto||\u00bb global_colors_info=\u00bb{}\u00bb][et_pb_column type=\u00bb4_4&#8243; _builder_version=\u00bb4.27.2&#8243; _module_preset=\u00bbdefault\u00bb global_colors_info=\u00bb{}\u00bb][et_pb_text _builder_version=\u00bb4.27.2&#8243; _module_preset=\u00bbdefault\u00bb global_colors_info=\u00bb{}\u00bb]<\/p>\n<p style=\"text-align: justify;\"><span>Bienvenidos a nuestra obra lasallista U. E. JUAN BAUTISTA PALACIOS LA SALLE su fundaci\u00f3n fue aprobada y legalizada el 21 de Marzo de 1968, mediante Decreto Ministerial N\u00ba 718, en cuyas aulas se han formado hombres y mujeres de gran val\u00eda, siguiendo el camino de nuestro Santo Fundador San Juan Bautista De La Salle. A partir del a\u00f1o lectivo 2018 \u2013 2019 implementamos la B\u00e1sica Superior con la creaci\u00f3n de octavo grado y hasta hoy ofertamos los niveles que van desde Inicial II hasta 3BGU, seguir brindando una educaci\u00f3n humana y cristiana de calidad, en base a nuestros valores, Fe, Fraternidad, Servicio, Justicia y Compromiso, formamos ciudadanos para el mundo.<\/span><\/p>\n<p>[\/et_pb_text][\/et_pb_column][\/et_pb_row][\/et_pb_section][et_pb_section fb_built=\u00bb1&#8243; _builder_version=\u00bb4.27.2&#8243; _module_preset=\u00bbdefault\u00bb custom_margin=\u00bb-46px|||||\u00bb global_colors_info=\u00bb{}\u00bb][et_pb_row _builder_version=\u00bb4.27.2&#8243; _module_preset=\u00bbdefault\u00bb custom_padding=\u00bb0px|||||\u00bb global_colors_info=\u00bb{}\u00bb][et_pb_column type=\u00bb4_4&#8243; _builder_version=\u00bb4.27.2&#8243; _module_preset=\u00bbdefault\u00bb global_colors_info=\u00bb{}\u00bb][et_pb_image src=\u00bbhttps:\/\/juanbautistapalacios.lasalleweb.ec\/wp-content\/uploads\/2025\/10\/WhatsApp-Image-2025-10-03-at-11.08.37.jpeg\u00bb title_text=\u00bbWhatsApp Image 2025-10-03 at 11.08.37&#8243; _builder_version=\u00bb4.27.2&#8243; _module_preset=\u00bbdefault\u00bb custom_padding=\u00bb0px|||||\u00bb global_colors_info=\u00bb{}\u00bb][\/et_pb_image][\/et_pb_column][\/et_pb_row][\/et_pb_section][et_pb_section fb_built=\u00bb1&#8243; _builder_version=\u00bb4.27.2&#8243; _module_preset=\u00bbdefault\u00bb global_colors_info=\u00bb{}\u00bb][et_pb_row column_structure=\u00bb1_2,1_2&#8243; _builder_version=\u00bb4.27.2&#8243; _module_preset=\u00bbdefault\u00bb custom_margin=\u00bb-86px|auto||auto||\u00bb global_colors_info=\u00bb{}\u00bb][et_pb_column type=\u00bb1_2&#8243; _builder_version=\u00bb4.27.2&#8243; _module_preset=\u00bbdefault\u00bb global_colors_info=\u00bb{}\u00bb][et_pb_image src=\u00bbhttps:\/\/juanbautistapalacios.lasalleweb.ec\/wp-content\/uploads\/2024\/10\/imagen-1.jpg\u00bb title_text=\u00bbimagen 1&#8243; _builder_version=\u00bb4.27.2&#8243; _module_preset=\u00bbdefault\u00bb global_colors_info=\u00bb{}\u00bb][\/et_pb_image][\/et_pb_column][et_pb_column type=\u00bb1_2&#8243; _builder_version=\u00bb4.27.2&#8243; _module_preset=\u00bbdefault\u00bb global_colors_info=\u00bb{}\u00bb][et_pb_video src=\u00bbhttps:\/\/youtu.be\/YB8oGC4yCLE\u00bb _builder_version=\u00bb4.27.2&#8243; _module_preset=\u00bbdefault\u00bb hover_enabled=\u00bb0&#8243; sticky_enabled=\u00bb0&#8243; custom_margin=\u00bb21px||||false|false\u00bb][\/et_pb_video][\/et_pb_column][\/et_pb_row][\/et_pb_section]<\/p>\n","protected":false},"excerpt":{"rendered":"<p>Bienvenidos a nuestra obra lasallista U. E. JUAN BAUTISTA PALACIOS LA SALLE su fundaci\u00f3n fue aprobada y legalizada el 21 de Marzo de 1968, mediante Decreto Ministerial N\u00ba 718, en cuyas aulas se han formado hombres y mujeres de gran val\u00eda, siguiendo el camino de nuestro Santo Fundador San Juan Bautista De La Salle. A [&hellip;]<\/p>\n","protected":false},"author":3,"featured_media":0,"parent":0,"menu_order":0,"comment_status":"closed","ping_status":"closed","template":"","meta":{"_et_pb_use_builder":"on","_et_pb_old_content":"","_et_gb_content_width":"","footnotes":""},"class_list":["post-940","page","type-page","status-publish","hentry"],"_links":{"self":[{"href":"https:\/\/juanbautistapalacios.lasalleweb.ec\/index.php?rest_route=\/wp\/v2\/pages\/940","targetHints":{"allow":["GET"]}}],"collection":[{"href":"https:\/\/juanbautistapalacios.lasalleweb.ec\/index.php?rest_route=\/wp\/v2\/pages"}],"about":[{"href":"https:\/\/juanbautistapalacios.lasalleweb.ec\/index.php?rest_route=\/wp\/v2\/types\/page"}],"author":[{"embeddable":true,"href":"https:\/\/juanbautistapalacios.lasalleweb.ec\/index.php?rest_route=\/wp\/v2\/users\/3"}],"replies":[{"embeddable":true,"href":"https:\/\/juanbautistapalacios.lasalleweb.ec\/index.php?rest_route=%2Fwp%2Fv2%2Fcomments&post=940"}],"version-history":[{"count":10,"href":"https:\/\/juanbautistapalacios.lasalleweb.ec\/index.php?rest_route=\/wp\/v2\/pages\/940\/revisions"}],"predecessor-version":[{"id":1686,"href":"https:\/\/juanbautistapalacios.lasalleweb.ec\/index.php?rest_route=\/wp\/v2\/pages\/940\/revisions\/1686"}],"wp:attachment":[{"href":"https:\/\/juanbautistapalacios.lasalleweb.ec\/index.php?rest_route=%2Fwp%2Fv2%2Fmedia&parent=940"}],"curies":[{"name":"wp","href":"https:\/\/api.w.org\/{rel}","templated":true}]}}