{"id":282,"date":"2024-04-02T16:28:42","date_gmt":"2024-04-02T16:28:42","guid":{"rendered":"https:\/\/juanbautistapalacios.lasalleweb.ec\/?page_id=282"},"modified":"2024-10-26T22:45:26","modified_gmt":"2024-10-26T22:45:26","slug":"oferta-academica","status":"publish","type":"page","link":"https:\/\/juanbautistapalacios.lasalleweb.ec\/?page_id=282","title":{"rendered":"Oferta Acad\u00e9mica"},"content":{"rendered":"<p>[et_pb_section fb_built=\u00bb1&#8243; admin_label=\u00bbHeader\u00bb _builder_version=\u00bb4.24.0&#8243; _module_preset=\u00bbdefault\u00bb background_color=\u00bbgcid-d214ab81-0383-475f-b48e-2c27b44bd017&#8243; background_video_mp4=\u00bbhttps:\/\/juanbautistapalacios.lasalleweb.ec\/wp-content\/uploads\/2024\/02\/production_id_5183278-1080p.mp4&#8243; overflow-x=\u00bbhidden\u00bb overflow-y=\u00bbhidden\u00bb collapsed=\u00bbon\u00bb global_colors_info=\u00bb{%22gcid-d214ab81-0383-475f-b48e-2c27b44bd017%22:%91%22background_color%22%93}\u00bb][et_pb_row column_structure=\u00bb1_2,1_2&#8243; make_equal=\u00bbon\u00bb _builder_version=\u00bb4.24.0&#8243; _module_preset=\u00bbdefault\u00bb global_colors_info=\u00bb{}\u00bb][et_pb_column type=\u00bb1_2&#8243; _builder_version=\u00bb4.23.1&#8243; _module_preset=\u00bbdefault\u00bb global_colors_info=\u00bb{}\u00bb][\/et_pb_column][et_pb_column type=\u00bb1_2&#8243; _builder_version=\u00bb4.23.1&#8243; _module_preset=\u00bbdefault\u00bb z_index=\u00bb10&#8243; global_colors_info=\u00bb{}\u00bb][et_pb_text _builder_version=\u00bb4.24.0&#8243; _module_preset=\u00bb38a4b1bf-56a1-4d66-ac30-6b418f2d22c2&#8243; header_font=\u00bbManrope|800|||||||\u00bb header_text_align=\u00bbright\u00bb header_text_color=\u00bb#FFFFFF\u00bb header_font_size=\u00bb44px\u00bb custom_margin=\u00bb||10px||false|false\u00bb header_text_shadow_style=\u00bbpreset3&#8243; global_colors_info=\u00bb{}\u00bb]<\/p>\n<h1>NUESTRA <br \/>OFERTA <br \/>ACAD\u00c9MICA<\/h1>\n<p>[\/et_pb_text][\/et_pb_column][\/et_pb_row][\/et_pb_section][et_pb_section fb_built=\u00bb1&#8243; admin_label=\u00bbAbout &#038; Video\u00bb _builder_version=\u00bb4.24.0&#8243; _module_preset=\u00bbdefault\u00bb background_enable_color=\u00bboff\u00bb background_enable_image=\u00bboff\u00bb background_size=\u00bbcustom\u00bb background_image_width=\u00bb12%\u00bb background_position=\u00bbbottom_right\u00bb background_horizontal_offset=\u00bb30px\u00bb background_vertical_offset=\u00bb30px\u00bb custom_margin=\u00bb||-4px|||\u00bb collapsed=\u00bbon\u00bb global_colors_info=\u00bb{%22gcid-d214ab81-0383-475f-b48e-2c27b44bd017%22:%91%22background_color%22%93}\u00bb][et_pb_row column_structure=\u00bb1_2,1_2&#8243; _builder_version=\u00bb4.24.2&#8243; _module_preset=\u00bbdefault\u00bb global_colors_info=\u00bb{}\u00bb][et_pb_column type=\u00bb1_2&#8243; _builder_version=\u00bb4.23.1&#8243; _module_preset=\u00bbdefault\u00bb global_colors_info=\u00bb{}\u00bb][et_pb_image src=\u00bbhttps:\/\/juanbautistapalacios.lasalleweb.ec\/wp-content\/uploads\/2024\/04\/sub-inicial-2.png\u00bb title_text=\u00bbsub inicial 2&#8243; align=\u00bbcenter\u00bb _builder_version=\u00bb4.24.2&#8243; _module_preset=\u00bbdefault\u00bb module_alignment=\u00bbcenter\u00bb max_height=\u00bb200px\u00bb global_colors_info=\u00bb{}\u00bb][\/et_pb_image][et_pb_text _builder_version=\u00bb4.27.2&#8243; _module_preset=\u00bbe6b0e8bd-720e-4f70-9568-9e274e2e3f3a\u00bb header_2_font=\u00bbManrope|800|||||||\u00bb header_2_font_size=\u00bb44px\u00bb text_orientation=\u00bbcenter\u00bb custom_margin=\u00bb||10px||false|false\u00bb global_colors_info=\u00bb{}\u00bb]<\/p>\n<h2>INICIAL<\/h2>\n<p>[\/et_pb_text][et_pb_text _builder_version=\u00bb4.24.0&#8243; _module_preset=\u00bb6039669d-ba25-4df8-88d3-616164325f5a\u00bb text_font=\u00bbManrope||||||||\u00bb text_orientation=\u00bbjustified\u00bb global_colors_info=\u00bb{}\u00bb]<\/p>\n<p>Las primeras experiencias educativas, son las m\u00e1s importantes para nuestros ni\u00f1os y ni\u00f1as, ya que sientan las bases para su aprendizaje y posterior desarrollo.<br \/>De all\u00ed la importancia de estimular los procesos cognitivos con aprendizajes significativos, el lenguaje promoviendo la participaci\u00f3n activa, su psicomotricidad con la ejercitaci\u00f3n f\u00edsica, el desarrollo de la expresi\u00f3n verbal y corporal inculcando el juego dram\u00e1tico, fomentar la creatividad con la pr\u00e1ctica del arte, su autoestima e interacci\u00f3n social mediante actividades l\u00fadicas. Por estas y muchas razones m\u00e1s, les invitamos a formar parte de la comunidad educativa de La Salle en donde nuestro equipo profesional que labora en el Nivel de Educaci\u00f3n Inicial 2 (4 a\u00f1os de edad) se encargar\u00e1 de la formaci\u00f3n integral de su ni\u00f1o y ni\u00f1a en un entorno de sana convivencia con principios \u00e9ticos y religiosos.<\/p>\n<p>[\/et_pb_text][\/et_pb_column][et_pb_column type=\u00bb1_2&#8243; _builder_version=\u00bb4.23.1&#8243; _module_preset=\u00bbdefault\u00bb global_colors_info=\u00bb{}\u00bb][et_pb_image src=\u00bbhttps:\/\/juanbautistapalacios.lasalleweb.ec\/wp-content\/uploads\/2024\/04\/preparatoria.png\u00bb title_text=\u00bbpreparatoria\u00bb align=\u00bbcenter\u00bb _builder_version=\u00bb4.24.2&#8243; _module_preset=\u00bbdefault\u00bb module_alignment=\u00bbcenter\u00bb max_height=\u00bb200px\u00bb global_colors_info=\u00bb{}\u00bb][\/et_pb_image][et_pb_text _builder_version=\u00bb4.27.2&#8243; _module_preset=\u00bbe6b0e8bd-720e-4f70-9568-9e274e2e3f3a\u00bb header_2_font=\u00bbManrope|800|||||||\u00bb header_2_font_size=\u00bb44px\u00bb text_orientation=\u00bbcenter\u00bb custom_margin=\u00bb||10px||false|false\u00bb global_colors_info=\u00bb{}\u00bb]<\/p>\n<h2>PREPARATORIA<\/h2>\n<p>[\/et_pb_text][et_pb_text _builder_version=\u00bb4.24.0&#8243; _module_preset=\u00bb6039669d-ba25-4df8-88d3-616164325f5a\u00bb text_font=\u00bbManrope||||||||\u00bb text_orientation=\u00bbjustified\u00bb global_colors_info=\u00bb{}\u00bb]<\/p>\n<p>La Unidad Juan Bautista Palacios La Salle en su oferta acad\u00e9mica del Subnivel de Educaci\u00f3n General B\u00e1sica Preparatoria, dirigido a ni\u00f1os de 5 a\u00f1os de edad, ofrece el desarrollo de experiencias de aprendizaje significativas e integrales desde el \u00e1mbito biol\u00f3gico, emocional, psicol\u00f3gico, motriz y social, con el ni\u00f1o como actor principal del aprendizaje, a trav\u00e9s de la implementaci\u00f3n de metodolog\u00eda activa y l\u00fadica con la finalidad de promover una educaci\u00f3n de calidad humana y cristiana. Contamos con espacios f\u00edsicos adecuados y un equipo profesional multidisciplinario, afectivo y flexible orientados a garantizar un entorno de aprendizaje familiar, afectivo, flexible, colaborativo en vinculaci\u00f3n directa con la familia, el medio ambiente y las nuevas tecnolog\u00edas.<\/p>\n<p>[\/et_pb_text][\/et_pb_column][\/et_pb_row][et_pb_row column_structure=\u00bb1_2,1_2&#8243; _builder_version=\u00bb4.24.2&#8243; _module_preset=\u00bbdefault\u00bb global_colors_info=\u00bb{}\u00bb][et_pb_column type=\u00bb1_2&#8243; _builder_version=\u00bb4.23.1&#8243; _module_preset=\u00bbdefault\u00bb global_colors_info=\u00bb{}\u00bb][et_pb_image src=\u00bbhttps:\/\/juanbautistapalacios.lasalleweb.ec\/wp-content\/uploads\/2024\/04\/Elemental.png\u00bb title_text=\u00bbElemental\u00bb align=\u00bbcenter\u00bb _builder_version=\u00bb4.27.2&#8243; _module_preset=\u00bbdefault\u00bb module_alignment=\u00bbcenter\u00bb max_height=\u00bb200px\u00bb global_colors_info=\u00bb{}\u00bb][\/et_pb_image][et_pb_text _builder_version=\u00bb4.27.2&#8243; _module_preset=\u00bbe6b0e8bd-720e-4f70-9568-9e274e2e3f3a\u00bb header_2_font=\u00bbManrope|800|||||||\u00bb header_2_font_size=\u00bb44px\u00bb text_orientation=\u00bbcenter\u00bb custom_margin=\u00bb||10px||false|false\u00bb global_colors_info=\u00bb{}\u00bb]<\/p>\n<h2>B\u00c1SICA ELEMENTAL<\/h2>\n<p>[\/et_pb_text][et_pb_text _builder_version=\u00bb4.27.2&#8243; _module_preset=\u00bb6039669d-ba25-4df8-88d3-616164325f5a\u00bb text_font=\u00bbManrope||||||||\u00bb text_orientation=\u00bbjustified\u00bb global_colors_info=\u00bb{}\u00bb]<\/p>\n<p>La Unidad Juan Bautista Palacios La Salle en su oferta del Subnivel de Educaci\u00f3n General B\u00e1sica Elemental, dirigida a estudiantes de entre 6 y 8 a\u00f1os de edad, ofrece el desarrollo de destrezas y habilidades cognitivas, sociales y emocionales,\u00a0 la implementaci\u00f3n de metodolog\u00eda activa y l\u00fadica con especial atenci\u00f3n al trabajo colaborativo con base en el curr\u00edculo nacional y en propuestas curriculares propias como la implementaci\u00f3n de asignaturas que contribuyen al desarrollo cr\u00edtico del pensamiento e innovaci\u00f3n y los valores institucionales de fraternidad, servicio, compromiso, justicia y fe con la finalidad de promover una educaci\u00f3n de calidad, humana y cristiana. Para ello cuenta con un equipo de profesionales multidisciplinarios orientados a garantizar un ambiente seguro, familiar, afectivo y confiable para el aprendizaje en vinculaci\u00f3n permanente con la familia, la sociedad y las nuevas tecnolog\u00edas.<\/p>\n<p>[\/et_pb_text][\/et_pb_column][et_pb_column type=\u00bb1_2&#8243; _builder_version=\u00bb4.23.1&#8243; _module_preset=\u00bbdefault\u00bb global_colors_info=\u00bb{}\u00bb][et_pb_image src=\u00bbhttps:\/\/juanbautistapalacios.lasalleweb.ec\/wp-content\/uploads\/2024\/04\/basica-media.png\u00bb title_text=\u00bbb\u00e1sica media\u00bb align=\u00bbcenter\u00bb _builder_version=\u00bb4.27.2&#8243; _module_preset=\u00bbdefault\u00bb module_alignment=\u00bbcenter\u00bb max_height=\u00bb200px\u00bb global_colors_info=\u00bb{}\u00bb][\/et_pb_image][et_pb_text _builder_version=\u00bb4.27.2&#8243; _module_preset=\u00bbe6b0e8bd-720e-4f70-9568-9e274e2e3f3a\u00bb header_2_font=\u00bbManrope|800|||||||\u00bb header_2_font_size=\u00bb44px\u00bb text_orientation=\u00bbcenter\u00bb custom_margin=\u00bb||10px||false|false\u00bb global_colors_info=\u00bb{}\u00bb]<\/p>\n<h2 style=\"text-align: center;\">B\u00c1SICA MEDIA<\/h2>\n<p>[\/et_pb_text][et_pb_text _builder_version=\u00bb4.27.2&#8243; _module_preset=\u00bb6039669d-ba25-4df8-88d3-616164325f5a\u00bb text_font=\u00bbManrope||||||||\u00bb text_orientation=\u00bbjustified\u00bb hover_enabled=\u00bb0&#8243; global_colors_info=\u00bb{}\u00bb custom_padding=\u00bb0px|||||\u00bb sticky_enabled=\u00bb0&#8243;]<\/p>\n<p>Cada a\u00f1o en nuestra Unidad. Educativa Juan Bautista Palacios La Salle el grupo de Educaci\u00f3n General B\u00e1sica Media en colaboraci\u00f3n de: Autoridades, Docentes, Estudiantes y Padres de Familia, han sido ese v\u00ednculo esencial para la convivencia arm\u00f3nica, donde se ha conjugado valores como la responsabilidad, bondad, solidaridad, respeto y la confianza, fomentando as\u00ed el esp\u00edritu de unidad grupal y la certeza de haber compartido aprendizajes significativos que alentar\u00e1n a nuestros estudiantes Lasallistas a ser mejores cada d\u00eda.<\/p>\n<p>[\/et_pb_text][\/et_pb_column][\/et_pb_row][\/et_pb_section][et_pb_section fb_built=\u00bb1&#8243; admin_label=\u00bbFAQ\u00bb _builder_version=\u00bb4.24.0&#8243; _module_preset=\u00bbdefault\u00bb background_enable_color=\u00bboff\u00bb custom_padding=\u00bb||0px|||\u00bb collapsed=\u00bbon\u00bb global_colors_info=\u00bb{%22gcid-8ce98ce1-4460-49e4-9cd7-b148b47c216c%22:%91%22background_color%22%93}\u00bb][et_pb_row column_structure=\u00bb1_2,1_2&#8243; _builder_version=\u00bb4.27.2&#8243; _module_preset=\u00bbdefault\u00bb global_colors_info=\u00bb{}\u00bb][et_pb_column type=\u00bb1_2&#8243; _builder_version=\u00bb4.27.2&#8243; _module_preset=\u00bbdefault\u00bb global_colors_info=\u00bb{}\u00bb][et_pb_image src=\u00bbhttps:\/\/juanbautistapalacios.lasalleweb.ec\/wp-content\/uploads\/2024\/04\/basica-superior.png\u00bb title_text=\u00bbb\u00e1sica superior\u00bb align=\u00bbcenter\u00bb _builder_version=\u00bb4.24.2&#8243; _module_preset=\u00bbdefault\u00bb module_alignment=\u00bbcenter\u00bb max_height=\u00bb200px\u00bb global_colors_info=\u00bb{}\u00bb][\/et_pb_image][et_pb_text _builder_version=\u00bb4.27.2&#8243; _module_preset=\u00bbe6b0e8bd-720e-4f70-9568-9e274e2e3f3a\u00bb header_2_font=\u00bbManrope|800|||||||\u00bb header_2_font_size=\u00bb44px\u00bb text_orientation=\u00bbcenter\u00bb custom_margin=\u00bb||10px||false|false\u00bb global_colors_info=\u00bb{}\u00bb]<\/p>\n<h2 style=\"text-align: center;\">B\u00c1SICA SUPERIOR<\/h2>\n<p>[\/et_pb_text][et_pb_text _builder_version=\u00bb4.24.0&#8243; _module_preset=\u00bb6039669d-ba25-4df8-88d3-616164325f5a\u00bb text_font=\u00bbManrope||||||||\u00bb text_orientation=\u00bbjustified\u00bb width=\u00bb100%\u00bb custom_margin=\u00bb|-275px||||\u00bb custom_padding=\u00bb4px|0px||||\u00bb global_colors_info=\u00bb{}\u00bb]<\/p>\n<p>La Unidad Juan Bautista Palacios La Salle de Ambato, en el nivel de B\u00e1sica superior, brinda a sus estudiantes una educaci\u00f3n humana y cristiana de calidad, desarrollando, competencias: afectivas, cognitivas, de desarrollo humano, de valores; formando ciudadanos cr\u00edticos, indagadores, con sentido de liderazgo, conciencia ecol\u00f3gica y respetuosos de la interculturalidad, aplicando nuevas metodolog\u00edas de aprendizaje como el ABP, constructivista, etc. con un personal Docente capacitado constantemente en manejos de los Tics, entre otras.<\/p>\n<p>[\/et_pb_text][\/et_pb_column][et_pb_column type=\u00bb1_2&#8243; _builder_version=\u00bb4.27.2&#8243; _module_preset=\u00bbdefault\u00bb global_colors_info=\u00bb{}\u00bb][et_pb_image src=\u00bbhttps:\/\/juanbautistapalacios.lasalleweb.ec\/wp-content\/uploads\/2024\/04\/bachillerato-internacional.png\u00bb title_text=\u00bbbachillerato internacional\u00bb align=\u00bbcenter\u00bb _builder_version=\u00bb4.27.2&#8243; _module_preset=\u00bbdefault\u00bb module_alignment=\u00bbcenter\u00bb max_height=\u00bb200px\u00bb global_colors_info=\u00bb{}\u00bb][\/et_pb_image][et_pb_text _builder_version=\u00bb4.27.2&#8243; _module_preset=\u00bbe6b0e8bd-720e-4f70-9568-9e274e2e3f3a\u00bb header_2_font=\u00bbManrope|800|||||||\u00bb header_2_font_size=\u00bb44px\u00bb text_orientation=\u00bbcenter\u00bb custom_margin=\u00bb||10px||false|false\u00bb global_colors_info=\u00bb{}\u00bb]<\/p>\n<h2 style=\"text-align: center;\">BACHILLERATO GENERAL UNIFICADO<\/h2>\n<p>[\/et_pb_text][et_pb_text _builder_version=\u00bb4.24.0&#8243; _module_preset=\u00bb6039669d-ba25-4df8-88d3-616164325f5a\u00bb text_font=\u00bbManrope||||||||\u00bb text_orientation=\u00bbjustified\u00bb width=\u00bb100%\u00bb custom_padding=\u00bb4px|1px||||\u00bb global_colors_info=\u00bb{}\u00bb]<\/p>\n<p>La Unidad Juan Bautista Palacios La Salle de Ambato, en el nivel de Bachillerato General Unificado, brinda a sus estudiantes una educaci\u00f3n humana y cristiana de calidad, desarrollando, competencias: afectivas, cognitivas, de desarrollo humano, de valores; formando ciudadanos cr\u00edticos, indagadores, con sentido de liderazgo, conciencia ecol\u00f3gica y respetuosos de la interculturalidad, con un personal Docente capacitado constantemente en manejos de los Tics, entre otras.<\/p>\n<p>[\/et_pb_text][\/et_pb_column][\/et_pb_row][\/et_pb_section][et_pb_section fb_built=\u00bb1&#8243; admin_label=\u00bbFooter Links\u00bb _builder_version=\u00bb4.24.0&#8243; _module_preset=\u00bbdefault\u00bb background_color=\u00bbgcid-dfe2e0c1-6f93-4563-8502-7952298bf493&#8243; custom_padding=\u00bb||12px|||\u00bb global_module=\u00bb152&#8243; saved_tabs=\u00bball\u00bb locked=\u00bboff\u00bb collapsed=\u00bbon\u00bb global_colors_info=\u00bb{%22gcid-dfe2e0c1-6f93-4563-8502-7952298bf493%22:%91%22background_color%22%93}\u00bb][et_pb_row column_structure=\u00bb1_6,1_6,1_6,1_6,1_6,1_6&#8243; _builder_version=\u00bb4.24.0&#8243; _module_preset=\u00bbdefault\u00bb custom_padding=\u00bb||0px|||\u00bb global_colors_info=\u00bb{}\u00bb][et_pb_column type=\u00bb1_6&#8243; _builder_version=\u00bb4.21.0&#8243; _module_preset=\u00bbdefault\u00bb global_colors_info=\u00bb{}\u00bb][et_pb_image src=\u00bbhttps:\/\/juanbautistapalacios.lasalleweb.ec\/wp-content\/uploads\/2024\/10\/U.E.-San-Juan-Bautista-Palacios-Ambato-04.png\u00bb title_text=\u00bbU.E.. San Juan Bautista Palacios Ambato-04&#8243; _builder_version=\u00bb4.27.2&#8243; _module_preset=\u00bbdefault\u00bb global_colors_info=\u00bb{}\u00bb][\/et_pb_image][et_pb_social_media_follow _builder_version=\u00bb4.27.2&#8243; _module_preset=\u00bbdefault\u00bb custom_padding=\u00bb|0px||||\u00bb global_colors_info=\u00bb{}\u00bb][et_pb_social_media_follow_network social_network=\u00bbfacebook\u00bb url=\u00bbhttps:\/\/www.facebook.com\/LaSalleJBP\/\u00bb icon_color=\u00bb#FFFFFF\u00bb use_icon_font_size=\u00bbon\u00bb icon_font_size=\u00bb21px\u00bb _builder_version=\u00bb4.24.0&#8243; _module_preset=\u00bbdefault\u00bb background_enable_color=\u00bboff\u00bb custom_button=\u00bbon\u00bb global_colors_info=\u00bb{}\u00bb follow_button=\u00bboff\u00bb url_new_window=\u00bbon\u00bb]facebook[\/et_pb_social_media_follow_network][et_pb_social_media_follow_network social_network=\u00bbinstagram\u00bb url=\u00bbhttps:\/\/www.instagram.com\/sallejuanbautistapalacios\/?hl=es\u00bb icon_color=\u00bb#FFFFFF\u00bb use_icon_font_size=\u00bbon\u00bb icon_font_size=\u00bb21px\u00bb _builder_version=\u00bb4.27.2&#8243; _module_preset=\u00bbdefault\u00bb background_enable_color=\u00bboff\u00bb custom_button=\u00bbon\u00bb global_colors_info=\u00bb{}\u00bb follow_button=\u00bboff\u00bb url_new_window=\u00bbon\u00bb]instagram[\/et_pb_social_media_follow_network][\/et_pb_social_media_follow][\/et_pb_column][et_pb_column type=\u00bb1_6&#8243; _builder_version=\u00bb4.21.0&#8243; _module_preset=\u00bbdefault\u00bb global_colors_info=\u00bb{}\u00bb][et_pb_text _builder_version=\u00bb4.24.0&#8243; _module_preset=\u00bb9e0f691a-51a6-4320-a4bb-7b8eaf0485ea\u00bb header_4_text_color=\u00bb#FFFFFF\u00bb header_4_font_size=\u00bb20px\u00bb custom_margin=\u00bb||20px||false|false\u00bb global_colors_info=\u00bb{}\u00bb]<\/p>\n<h4>TEL\u00c9FONOS<\/h4>\n<p>[\/et_pb_text][et_pb_text _builder_version=\u00bb4.27.2&#8243; _module_preset=\u00bb9e13ac0a-9ab7-4711-b476-4f1256d1adc0&#8243; text_font=\u00bbNunito||||||||\u00bb text_text_color=\u00bb#FFFFFF\u00bb text_font_size=\u00bb7px\u00bb link_text_color=\u00bbgcid-4e1a4293-6847-4a8b-8670-1037625c3a21&#8243; custom_margin=\u00bb||12px||false|false\u00bb text_font_size_last_edited=\u00bboff|desktop\u00bb global_colors_info=\u00bb{%22gcid-4e1a4293-6847-4a8b-8670-1037625c3a21%22:%91%22link_text_color%22%93}\u00bb]<\/p>\n<p class=\"font_8 wixui-rich-text__text\"><span class=\"wixui-rich-text__text\">(03) 2821675<\/span><\/p>\n<p class=\"font_8 wixui-rich-text__text\"><span class=\"wixui-rich-text__text\">(03) 2823029<\/span><\/p>\n<p class=\"font_8 wixui-rich-text__text\">[\/et_pb_text][et_pb_text _builder_version=\u00bb4.24.0&#8243; _module_preset=\u00bb9e0f691a-51a6-4320-a4bb-7b8eaf0485ea\u00bb header_4_text_color=\u00bb#FFFFFF\u00bb header_4_font_size=\u00bb20px\u00bb custom_margin=\u00bb||20px||false|false\u00bb global_colors_info=\u00bb{}\u00bb][\/et_pb_text][\/et_pb_column][et_pb_column type=\u00bb1_6&#8243; _builder_version=\u00bb4.21.0&#8243; _module_preset=\u00bbdefault\u00bb global_colors_info=\u00bb{}\u00bb][\/et_pb_column][et_pb_column type=\u00bb1_6&#8243; _builder_version=\u00bb4.27.2&#8243; _module_preset=\u00bbdefault\u00bb global_colors_info=\u00bb{}\u00bb][et_pb_image src=\u00bbhttps:\/\/juanbautistapalacios.lasalleweb.ec\/wp-content\/uploads\/2024\/02\/98d749_3632d509fb614ae5adc97769efeff12fmv2.webp\u00bb title_text=\u00bb98d749_3632d509fb614ae5adc97769efeff12f~mv2&#8243; _builder_version=\u00bb4.27.2&#8243; _module_preset=\u00bbdefault\u00bb global_colors_info=\u00bb{}\u00bb][\/et_pb_image][\/et_pb_column][et_pb_column type=\u00bb1_6&#8243; _builder_version=\u00bb4.21.0&#8243; _module_preset=\u00bbdefault\u00bb global_colors_info=\u00bb{}\u00bb][\/et_pb_column][et_pb_column type=\u00bb1_6&#8243; _builder_version=\u00bb4.27.2&#8243; _module_preset=\u00bbdefault\u00bb global_colors_info=\u00bb{}\u00bb][et_pb_image src=\u00bbhttps:\/\/juanbautistapalacios.lasalleweb.ec\/wp-content\/uploads\/2024\/10\/ES_Lat_LogoADN_BLANCO.png\u00bb title_text=\u00bbES_Lat_LogoADN_BLANCO\u00bb _builder_version=\u00bb4.27.2&#8243; _module_preset=\u00bbdefault\u00bb global_colors_info=\u00bb{}\u00bb][\/et_pb_image][\/et_pb_column][\/et_pb_row][et_pb_row _builder_version=\u00bb4.24.0&#8243; _module_preset=\u00bbdefault\u00bb custom_padding=\u00bb0px||8px|||\u00bb global_colors_info=\u00bb{}\u00bb][et_pb_column type=\u00bb4_4&#8243; _builder_version=\u00bb4.24.0&#8243; _module_preset=\u00bbdefault\u00bb global_colors_info=\u00bb{}\u00bb][et_pb_text _builder_version=\u00bb4.27.2&#8243; _module_preset=\u00bbdefault\u00bb text_text_color=\u00bb#FFFFFF\u00bb text_orientation=\u00bbcenter\u00bb global_colors_info=\u00bb{}\u00bb content__hover_enabled=\u00bbon|desktop\u00bb content__hover=\u00bb<\/p>\n<p>U.E. Juan Bautista Palacios La Salle &#8211; Derechos Reservados<\/p>\n<p>\u00ab]<\/p>\n<p>U.E. Juan Bautista Palacios La Salle &#8211; Derechos Reservados<\/p>\n<p>[\/et_pb_text][\/et_pb_column][\/et_pb_row][\/et_pb_section]<\/p>\n","protected":false},"excerpt":{"rendered":"<p>NUESTRA OFERTA ACAD\u00c9MICAINICIALLas primeras experiencias educativas, son las m\u00e1s importantes para nuestros ni\u00f1os y ni\u00f1as, ya que sientan las bases para su aprendizaje y posterior desarrollo.De all\u00ed la importancia de estimular los procesos cognitivos con aprendizajes significativos, el lenguaje promoviendo la participaci\u00f3n activa, su psicomotricidad con la ejercitaci\u00f3n f\u00edsica, el desarrollo de la expresi\u00f3n verbal [&hellip;]<\/p>\n","protected":false},"author":3,"featured_media":900,"parent":0,"menu_order":0,"comment_status":"closed","ping_status":"closed","template":"","meta":{"_et_pb_use_builder":"on","_et_pb_old_content":"","_et_gb_content_width":"","footnotes":""},"class_list":["post-282","page","type-page","status-publish","has-post-thumbnail","hentry"],"_links":{"self":[{"href":"https:\/\/juanbautistapalacios.lasalleweb.ec\/index.php?rest_route=\/wp\/v2\/pages\/282","targetHints":{"allow":["GET"]}}],"collection":[{"href":"https:\/\/juanbautistapalacios.lasalleweb.ec\/index.php?rest_route=\/wp\/v2\/pages"}],"about":[{"href":"https:\/\/juanbautistapalacios.lasalleweb.ec\/index.php?rest_route=\/wp\/v2\/types\/page"}],"author":[{"embeddable":true,"href":"https:\/\/juanbautistapalacios.lasalleweb.ec\/index.php?rest_route=\/wp\/v2\/users\/3"}],"replies":[{"embeddable":true,"href":"https:\/\/juanbautistapalacios.lasalleweb.ec\/index.php?rest_route=%2Fwp%2Fv2%2Fcomments&post=282"}],"version-history":[{"count":21,"href":"https:\/\/juanbautistapalacios.lasalleweb.ec\/index.php?rest_route=\/wp\/v2\/pages\/282\/revisions"}],"predecessor-version":[{"id":1070,"href":"https:\/\/juanbautistapalacios.lasalleweb.ec\/index.php?rest_route=\/wp\/v2\/pages\/282\/revisions\/1070"}],"wp:featuredmedia":[{"embeddable":true,"href":"https:\/\/juanbautistapalacios.lasalleweb.ec\/index.php?rest_route=\/wp\/v2\/media\/900"}],"wp:attachment":[{"href":"https:\/\/juanbautistapalacios.lasalleweb.ec\/index.php?rest_route=%2Fwp%2Fv2%2Fmedia&parent=282"}],"curies":[{"name":"wp","href":"https:\/\/api.w.org\/{rel}","templated":true}]}}